{"id":3262,"date":"2021-12-01T20:10:47","date_gmt":"2021-12-02T01:10:47","guid":{"rendered":"https:\/\/nidoharomalikinder.com\/reclamacion\/?page_id=3262"},"modified":"2025-10-05T01:06:51","modified_gmt":"2025-10-05T06:06:51","slug":"libro-de-reclamacion","status":"publish","type":"page","link":"https:\/\/nidoharomalikinder.com\/reclamacion\/","title":{"rendered":"Libro de Reclamaci\u00f3n"},"content":{"rendered":"<p>[vc_row css=\u00bb.vc_custom_1759644409621{padding-top: 4% !important;}\u00bb][vc_column][vc_column_text]Fecha de emisi\u00f3n de hoja de reclamo: abril 27, 2026<br \/>\n<div role=\"form\" class=\"wpcf7\" id=\"wpcf7-f3233-o1\" lang=\"es-ES\" dir=\"ltr\">\n<div class=\"screen-reader-response\"><p role=\"status\" aria-live=\"polite\" aria-atomic=\"true\"><\/p> <ul><\/ul><\/div>\n<form action=\"\/reclamacion\/wp-json\/wp\/v2\/pages\/3262#wpcf7-f3233-o1\" method=\"post\" class=\"wpcf7-form init\" novalidate=\"novalidate\" data-status=\"init\">\n<div style=\"display: none;\">\n<input type=\"hidden\" name=\"_wpcf7\" value=\"3233\" \/>\n<input type=\"hidden\" name=\"_wpcf7_version\" value=\"5.6.4\" \/>\n<input type=\"hidden\" name=\"_wpcf7_locale\" value=\"es_ES\" \/>\n<input type=\"hidden\" name=\"_wpcf7_unit_tag\" value=\"wpcf7-f3233-o1\" \/>\n<input type=\"hidden\" name=\"_wpcf7_container_post\" value=\"0\" \/>\n<input type=\"hidden\" name=\"_wpcf7_posted_data_hash\" value=\"\" \/>\n<input type=\"hidden\" name=\"_wpcf7cf_hidden_group_fields\" value=\"[]\" \/>\n<input type=\"hidden\" name=\"_wpcf7cf_hidden_groups\" value=\"[]\" \/>\n<input type=\"hidden\" name=\"_wpcf7cf_visible_groups\" value=\"[]\" \/>\n<input type=\"hidden\" name=\"_wpcf7cf_repeaters\" value=\"[]\" \/>\n<input type=\"hidden\" name=\"_wpcf7cf_steps\" value=\"{}\" \/>\n<input type=\"hidden\" name=\"_wpcf7cf_options\" value=\"{&quot;form_id&quot;:3233,&quot;conditions&quot;:[{&quot;then_field&quot;:&quot;-1&quot;,&quot;and_rules&quot;:[{&quot;if_field&quot;:&quot;-1&quot;,&quot;operator&quot;:&quot;equals&quot;,&quot;if_value&quot;:&quot;&quot;}]}],&quot;settings&quot;:{&quot;animation&quot;:&quot;yes&quot;,&quot;animation_intime&quot;:200,&quot;animation_outtime&quot;:200,&quot;conditions_ui&quot;:&quot;normal&quot;,&quot;notice_dismissed&quot;:false}}\" \/>\n<\/div>\n<p><span class=\"n\">N\u00b0 de hoja<\/span> <span class=\"wpcf7-form-control-wrap submission_id-228\"><input type=\"text\" name=\"submission_id-228\" value=\"000001\" class=\"wpcf7-form-control wpcf7-submission_id wpcf7-validates-as-number\" readonly=\"readonly\" aria-invalid=\"false\" \/><\/span><br \/>\nRUC: 20550745691<br \/>\nRaz\u00f3n Social: GRUPO HAROMALI S.A.C.<br \/>\nDirecci\u00f3n Comercial: CAL.VENTURA CCALAMAQUI NRO. 160 URB. PANDO ET. DOS LIMA - LIMA - SAN MIGUEL<br \/>\n<center><br \/>\n<h3>HOJA DE RECLAMACI\u00d3N<\/h3>\n<p><\/center><br \/>\n<h4>Identificaci\u00f3n del consumidor reclamante<\/h4>\n<div class=\"rq-fila tres-columnas\">\n<div class=\"rq-columna\">\nSede: <span style=\"color: #ff0000;\"><b class=\"alert\">*<\/b><\/span><br \/>\n<span class=\"wpcf7-form-control-wrap\" data-name=\"Nombres\"><input type=\"text\" name=\"Nombres\" value=\"\" size=\"40\" class=\"wpcf7-form-control wpcf7-text wpcf7-validates-as-required\" aria-required=\"true\" aria-invalid=\"false\" \/><\/span><\/div>\n<div class=\"rq-columna\">\nNombres: <span style=\"color: #ff0000;\"><b class=\"alert\">*<\/b><\/span><br \/>\n<span class=\"wpcf7-form-control-wrap\" data-name=\"Primer-apellido\"><input type=\"text\" name=\"Primer-apellido\" value=\"\" size=\"40\" class=\"wpcf7-form-control wpcf7-text wpcf7-validates-as-required\" aria-required=\"true\" aria-invalid=\"false\" \/><\/span><\/div>\n<div class=\"rq-columna\">\nApellidos: <span style=\"color: #ff0000;\"><b class=\"alert\">*<\/b><\/span><br \/>\n<span class=\"wpcf7-form-control-wrap\" data-name=\"Segundo-apellido\"><input type=\"text\" name=\"Segundo-apellido\" value=\"\" size=\"40\" class=\"wpcf7-form-control wpcf7-text wpcf7-validates-as-required\" aria-required=\"true\" aria-invalid=\"false\" \/><\/span><\/div>\n<\/div>\n<div class=\"rq-fila tres-columnas\">\n<div class=\"rq-columna\">\nTipo de Documento: <span style=\"color: #ff0000;\"><b class=\"alert\">*<\/b><\/span><br \/>\n<span class=\"wpcf7-form-control-wrap\" data-name=\"Tipo-de-documento\"><select name=\"Tipo-de-documento\" class=\"wpcf7-form-control wpcf7-select wpcf7-validates-as-required\" aria-required=\"true\" aria-invalid=\"false\"><option value=\"\">---<\/option><option value=\"DNI\">DNI<\/option><option value=\"CE\">CE<\/option><option value=\"RUC\">RUC<\/option><option value=\"Pasaporte\">Pasaporte<\/option><\/select><\/span><\/div>\n<div class=\"rq-columna\">\nN\u00b0 Documento: <span style=\"color: #ff0000;\"><b class=\"alert\">*<\/b><\/span><br \/>\n<span class=\"wpcf7-form-control-wrap\" data-name=\"Numero-de-documento\"><input type=\"text\" name=\"Numero-de-documento\" value=\"\" size=\"40\" class=\"wpcf7-form-control wpcf7-text wpcf7-validates-as-required\" aria-required=\"true\" aria-invalid=\"false\" \/><\/span><\/div>\n<div class=\"rq-columna\">\nCelular: <span style=\"color: #ff0000;\"><b class=\"alert\">*<\/b><\/span><br \/>\n<span class=\"wpcf7-form-control-wrap\" data-name=\"celular\"><input type=\"tel\" name=\"celular\" value=\"\" size=\"40\" class=\"wpcf7-form-control wpcf7-text wpcf7-tel wpcf7-validates-as-required wpcf7-validates-as-tel\" aria-required=\"true\" aria-invalid=\"false\" placeholder=\"Podremos comunicarnos\" \/><\/span><\/div>\n<\/div>\n<div class=\"rq-fila tres-columnas\">\n<div class=\"rq-columna\">\nDepartamento: <span style=\"color: #ff0000;\"><b class=\"alert\">*<\/b><\/span><br \/>\n<span class=\"wpcf7-form-control-wrap\" data-name=\"Departamento\"><input type=\"text\" name=\"Departamento\" value=\"\" size=\"40\" class=\"wpcf7-form-control wpcf7-text wpcf7-validates-as-required\" aria-required=\"true\" aria-invalid=\"false\" \/><\/span><\/div>\n<div class=\"rq-columna\">\nProvincia <span style=\"color: #ff0000;\"><b class=\"alert\">*<\/b><\/span><br \/>\n<span class=\"wpcf7-form-control-wrap\" data-name=\"Provincia\"><input type=\"text\" name=\"Provincia\" value=\"\" size=\"40\" class=\"wpcf7-form-control wpcf7-text wpcf7-validates-as-required\" aria-required=\"true\" aria-invalid=\"false\" \/><\/span><\/div>\n<div class=\"rq-columna\">\nDistrito <span style=\"color: #ff0000;\"><b class=\"alert\">*<\/b><\/span><br \/>\n<span class=\"wpcf7-form-control-wrap\" data-name=\"Distrito\"><input type=\"text\" name=\"Distrito\" value=\"\" size=\"40\" class=\"wpcf7-form-control wpcf7-text wpcf7-validates-as-required\" aria-required=\"true\" aria-invalid=\"false\" \/><\/span><\/div>\n<\/div>\n<div class=\"rq-fila tres-columnas\">\n<div class=\"rq-columna\">\nDirecci\u00f3n: <span style=\"color: #ff0000;\"><b class=\"alert\">*<\/b><\/span><br \/>\n<span class=\"wpcf7-form-control-wrap\" data-name=\"Direccion\"><input type=\"text\" name=\"Direccion\" value=\"\" size=\"40\" class=\"wpcf7-form-control wpcf7-text wpcf7-validates-as-required\" aria-required=\"true\" aria-invalid=\"false\" placeholder=\"Av Psj Calle Jr, N\u00b0 Mz Lt Int\" \/><\/span><\/div>\n<div class=\"rq-columna\">\nReferencia: <span style=\"color: #ff0000;\"><b class=\"alert\">*<\/b><\/span><br \/>\n<span class=\"wpcf7-form-control-wrap\" data-name=\"Referencia\"><input type=\"text\" name=\"Referencia\" value=\"\" size=\"40\" class=\"wpcf7-form-control wpcf7-text wpcf7-validates-as-required\" aria-required=\"true\" aria-invalid=\"false\" placeholder=\"Plaza, Colegio, Paradero, etc\" \/><\/span><\/div>\n<div class=\"rq-columna\">\nCorreo: <span style=\"color: #ff0000;\"><b class=\"alert\">*<\/b><\/span><br \/>\n<span class=\"wpcf7-form-control-wrap\" data-name=\"Correo\"><input type=\"email\" name=\"Correo\" value=\"\" size=\"40\" class=\"wpcf7-form-control wpcf7-text wpcf7-email wpcf7-validates-as-required wpcf7-validates-as-email\" aria-required=\"true\" aria-invalid=\"false\" placeholder=\"Recibir\u00e1s este documento\" \/><\/span><\/div>\n<\/div>\n<div class=\"rq-fila tres-columnas\">\n<div class=\"rq-columna\">\nEstudiante: <span style=\"color: #ff0000;\"><b class=\"alert\"><\/b><\/span><br \/>\n<span class=\"wpcf7-form-control-wrap\" data-name=\"estudiante-322\"><input type=\"text\" name=\"estudiante-322\" value=\"\" size=\"40\" class=\"wpcf7-form-control wpcf7-text\" aria-invalid=\"false\" \/><\/span><\/div>\n<div class=\"rq-columna\">\nGrado: <span style=\"color: #ff0000;\"><b class=\"alert\"><\/b><\/span><br \/>\n<span class=\"wpcf7-form-control-wrap\" data-name=\"grado-322\"><input type=\"text\" name=\"grado-322\" value=\"\" size=\"40\" class=\"wpcf7-form-control wpcf7-text\" aria-invalid=\"false\" \/><\/span><\/div>\n<div class=\"rq-columna\">\nSecci\u00f3n: <span style=\"color: #ff0000;\"><b class=\"alert\"><\/b><\/span><br \/>\n<span class=\"wpcf7-form-control-wrap\" data-name=\"seccion-322\"><input type=\"text\" name=\"seccion-322\" value=\"\" size=\"40\" class=\"wpcf7-form-control wpcf7-text\" aria-invalid=\"false\" \/><\/span><\/div>\n<\/div>\n<div class=\"rq-fila\">\n\u00bfEs menor de edad? <span style=\"color: #ff0000;\"><b class=\"alert\">*<\/b><\/span><br \/>\n<span class=\"wpcf7-form-control-wrap\" data-name=\"Eres-menor-de-edad\"><span class=\"wpcf7-form-control wpcf7-radio\"><span class=\"wpcf7-list-item first\"><label><span class=\"wpcf7-list-item-label\">Si<\/span><input type=\"radio\" name=\"Eres-menor-de-edad\" value=\"Si\" checked=\"checked\" \/><\/label><\/span><span class=\"wpcf7-list-item last\"><label><span class=\"wpcf7-list-item-label\">No<\/span><input type=\"radio\" name=\"Eres-menor-de-edad\" value=\"No\" \/><\/label><\/span><\/span><\/span><\/div>\n<h4 style=\"margin-top:20px;\">Detalle del reclamo y orden del consumidor<\/h4>\n<div class=\"rq-fila tres-columnas\">\n<div class=\"rq-columna\">\nTipo de Reclamo: <span style=\"color: #ff0000;\"><b class=\"alert\">*<\/b><\/span><br \/>\n<span class=\"wpcf7-form-control-wrap\" data-name=\"Tipo-de-reclamo\"><select name=\"Tipo-de-reclamo\" class=\"wpcf7-form-control wpcf7-select wpcf7-validates-as-required\" aria-required=\"true\" aria-invalid=\"false\"><option value=\"\">---<\/option><option value=\"Queja\">Queja<\/option><option value=\"Reclamaci\u00f3n\">Reclamaci\u00f3n<\/option><\/select><\/span><\/div>\n<div class=\"rq-columna\">\nTipo de consumo: <span style=\"color: #ff0000;\"><b class=\"alert\">*<\/b><\/span><br \/>\n<span class=\"wpcf7-form-control-wrap\" data-name=\"Tipo-de-consumo\"><select name=\"Tipo-de-consumo\" class=\"wpcf7-form-control wpcf7-select wpcf7-validates-as-required\" aria-required=\"true\" aria-invalid=\"false\"><option value=\"\">---<\/option><option value=\"Producto\">Producto<\/option><option value=\"Servicio\">Servicio<\/option><\/select><\/span><\/div>\n<div class=\"rq-columna\">\nN\u00b0 de pedido: <span style=\"color: #ff0000;\"><b class=\"alert\">*<\/b><\/span><br \/>\n<span class=\"wpcf7-form-control-wrap\" data-name=\"Numero-de-pedido\"><input type=\"text\" name=\"Numero-de-pedido\" value=\"\" size=\"40\" class=\"wpcf7-form-control wpcf7-text wpcf7-validates-as-required\" aria-required=\"true\" aria-invalid=\"false\" placeholder=\"Recibo, boleta, gu\u00eda, etc\" \/><\/span><\/div>\n<\/div>\n<div class=\"rq-fila tres-columnas\">\n<div class=\"rq-columna\">\nFecha de reclamo: <span style=\"color: #ff0000;\"><b class=\"alert\">*<\/b><\/span><br \/>\n<span class=\"wpcf7-form-control-wrap\" data-name=\"Fecha-de-reclamo\"><input type=\"date\" name=\"Fecha-de-reclamo\" value=\"\" class=\"wpcf7-form-control wpcf7-date wpcf7-validates-as-required wpcf7-validates-as-date\" aria-required=\"true\" aria-invalid=\"false\" placeholder=\"Fecha de reclamaci\u00f3n \/ queja\" \/><\/span><\/div>\n<div class=\"rq-columna\">\nProveedor: <span style=\"color: #ff0000;\"><b class=\"alert\">*<\/b><\/span><br \/>\n<span class=\"wpcf7-form-control-wrap\" data-name=\"Proveedor\"><input type=\"text\" name=\"Proveedor\" value=\"\" size=\"40\" class=\"wpcf7-form-control wpcf7-text wpcf7-validates-as-required\" aria-required=\"true\" aria-invalid=\"false\" placeholder=\"Nombre de jefe o encargado\" \/><\/span><\/div>\n<div class=\"rq-columna\">\nMonto de reclamo S\/: <span style=\"color: #ff0000;\"><b class=\"alert\">*<\/b><\/span><br \/>\n<span class=\"wpcf7-form-control-wrap\" data-name=\"Monto-de-reclamo\"><input type=\"text\" name=\"Monto-de-reclamo\" value=\"\" size=\"40\" class=\"wpcf7-form-control wpcf7-text wpcf7-validates-as-required\" aria-required=\"true\" aria-invalid=\"false\" \/><\/span><\/div>\n<\/div>\n<div class=\"rq-fila rq-texto\">\nDescripci\u00f3n del producto o servicio:<span style=\"color: #ff0000;\"><b class=\"alert\">*<\/b><\/span><br \/>\n<span class=\"wpcf7-form-control-wrap\" data-name=\"Descripcion-del-producto-o-servicio\"><textarea name=\"Descripcion-del-producto-o-servicio\" cols=\"40\" rows=\"10\" class=\"wpcf7-form-control wpcf7-textarea wpcf7-validates-as-required\" aria-required=\"true\" aria-invalid=\"false\" placeholder=\"El producto\/servicio que adquir\u00ed se trata de (describa) ...\"><\/textarea><\/span><\/div>\n<div class=\"rq-fila rq-texto\">\nDetalle de reclamaci\u00f3n\/queja, seg\u00fan lo indicado por el cliente:<span style=\"color: #ff0000;\"><b class=\"alert\">*<\/b><\/span><br \/>\n<span class=\"wpcf7-form-control-wrap\" data-name=\"Detalle-de-reclamacion\"><textarea name=\"Detalle-de-reclamacion\" cols=\"40\" rows=\"10\" class=\"wpcf7-form-control wpcf7-textarea wpcf7-validates-as-required\" aria-required=\"true\" aria-invalid=\"false\" placeholder=\"Cu\u00e1l es su queja\/reclamo sobre el producto, servicio o atenci\u00f3n ...\"><\/textarea><\/span><\/div>\n<div class=\"rq-fila rq-notas\">\n<span style=\"color: #ff0000;\"><b class=\"alert\">(1) <\/b><\/span><strong>Reclamaci\u00f3n: <\/strong><i>Desacuerdo relacionado con productos y \/ o servicios.<\/i><br \/>\n<span style=\"color: #ff0000;\"><b class=\"alert\">(2) <\/b><\/span><strong>Queja: <\/strong><i>Desacuerdo no relacionado con productos y \/ o servicios; o, malestar o insatisfacci\u00f3n con la atenci\u00f3n al p\u00fablico.<\/i><br \/>\n<span style=\"color: #ff0000;\"><b class=\"alert\">*<\/b><\/span>\u00a0<em>La formulaci\u00f3n del reclamo no excluye el recurso a otros medios de resoluci\u00f3n de controversias ni es un requisito previo para presentar una denuncia ante el Indecopi.<\/em><br \/>\n<span style=\"color: #ff0000;\"><b class=\"alert\">*<\/b><\/span>\u00a0<em>El proveedor deber\u00e1 dar respuesta al reclamo en un plazo no mayor a treinta (30) d\u00edas calendario, pudiendo extender el plazo hasta treinta d\u00edas.<\/em><br \/>\n<span style=\"color: #ff0000;\"><b class=\"alert\">*<\/b><\/span>\u00a0<em>Con la firma de este documento, el cliente autoriza a ser contactado despu\u00e9s de la tramitaci\u00f3n de la reclamaci\u00f3n para evaluar la calidad y satisfacci\u00f3n del proceso de atenci\u00f3n de reclamaciones.<\/em><br \/>\n<br><span class=\"wpcf7-form-control-wrap\" data-name=\"Acepto-declaracion\"><span class=\"wpcf7-form-control wpcf7-acceptance\"><span class=\"wpcf7-list-item\"><label><input type=\"checkbox\" name=\"Acepto-declaracion\" value=\"1\" aria-invalid=\"false\" \/><span class=\"wpcf7-list-item-label\"><span style=\"color: #ff0000;\"><b class=\"alert\">*<\/b><\/span> Declaro que soy el due\u00f1o del negocio\/empresa y acepto el contenido de este formulario y la veracidad de los hechos descritos bajo Declaraci\u00f3n Jurada.<\/span><\/label><\/span><\/span><\/span>\n<\/div>\n<p><br><input type=\"submit\" value=\"Enviar Hoja de Reclamaci\u00f3n\" class=\"wpcf7-form-control has-spinner wpcf7-submit\" \/><\/p>\n<div class=\"wpcf7-response-output\" aria-hidden=\"true\"><\/div><\/form><\/div>[\/vc_column_text][vc_separator]<div role=\"form\" class=\"wpcf7\" id=\"wpcf7-f3234-o2\" lang=\"es-ES\" dir=\"ltr\">\n<div class=\"screen-reader-response\"><p role=\"status\" aria-live=\"polite\" aria-atomic=\"true\"><\/p> <ul><\/ul><\/div>\n<form action=\"\/reclamacion\/wp-json\/wp\/v2\/pages\/3262#wpcf7-f3234-o2\" method=\"post\" class=\"wpcf7-form init\" enctype=\"multipart\/form-data\" novalidate=\"novalidate\" data-status=\"init\">\n<div style=\"display: none;\">\n<input type=\"hidden\" name=\"_wpcf7\" value=\"3234\" \/>\n<input type=\"hidden\" name=\"_wpcf7_version\" value=\"5.6.4\" \/>\n<input type=\"hidden\" name=\"_wpcf7_locale\" value=\"es_ES\" \/>\n<input type=\"hidden\" name=\"_wpcf7_unit_tag\" value=\"wpcf7-f3234-o2\" \/>\n<input type=\"hidden\" name=\"_wpcf7_container_post\" value=\"0\" \/>\n<input type=\"hidden\" name=\"_wpcf7_posted_data_hash\" value=\"\" \/>\n<input type=\"hidden\" name=\"_wpcf7cf_hidden_group_fields\" value=\"[]\" \/>\n<input type=\"hidden\" name=\"_wpcf7cf_hidden_groups\" value=\"[]\" \/>\n<input type=\"hidden\" name=\"_wpcf7cf_visible_groups\" value=\"[]\" \/>\n<input type=\"hidden\" name=\"_wpcf7cf_repeaters\" value=\"[]\" \/>\n<input type=\"hidden\" name=\"_wpcf7cf_steps\" value=\"{}\" \/>\n<input type=\"hidden\" name=\"_wpcf7cf_options\" value=\"{&quot;form_id&quot;:3234,&quot;conditions&quot;:[],&quot;settings&quot;:{&quot;animation&quot;:&quot;yes&quot;,&quot;animation_intime&quot;:200,&quot;animation_outtime&quot;:200,&quot;conditions_ui&quot;:&quot;normal&quot;,&quot;notice_dismissed&quot;:false}}\" \/>\n<\/div>\n<p><center><br \/>\n<h3>CONFIRMACI\u00d3N DE CONCILIACI\u00d3N<\/h3>\n<p><\/center><br \/>\n<h4>Sube tu Documento<\/h4>\n<div class=\"rq-fila tres-columnas\">\n<div class=\"rq-columna\">Carga lado A: <span style=\"color: #ff0000;\"><b class=\"alert\">*<\/b><\/span><br \/>\n<span class=\"wpcf7-form-control-wrap\" data-name=\"Documento-Lado-A\"><input type=\"file\" name=\"Documento-Lado-A\" size=\"40\" class=\"wpcf7-form-control wpcf7-file wpcf7-validates-as-required\" accept=\".jpg,.jpeg,.png,.tiff\" aria-required=\"true\" aria-invalid=\"false\" \/><\/span>\n<\/div>\n<div class=\"rq-columna\">Carga lado B: <span style=\"color: #ff0000;\"><b class=\"alert\">*<\/b><\/span><br \/>\n<span class=\"wpcf7-form-control-wrap\" data-name=\"Documento-Lado-B\"><input type=\"file\" name=\"Documento-Lado-B\" size=\"40\" class=\"wpcf7-form-control wpcf7-file wpcf7-validates-as-required\" accept=\".jpg,.jpeg,.png,.tiff\" aria-required=\"true\" aria-invalid=\"false\" \/><\/span>\n<\/div>\n<div class=\"rq-columna\">Carga tu firma <span style=\"color: #ff0000;\"><b class=\"alert\">*<\/b><\/span><br \/>\n<span class=\"wpcf7-form-control-wrap\" data-name=\"Firma-de-cliente\"><input type=\"file\" name=\"Firma-de-cliente\" size=\"40\" class=\"wpcf7-form-control wpcf7-file wpcf7-validates-as-required\" accept=\".jpg,.jpeg,.png,.tiff\" aria-required=\"true\" aria-invalid=\"false\" \/><\/span>\n<\/div>\n<div class=\"rq-fila tres-columnas\">\n<div class=\"rq-columna\">C\u00f3digo de Hoja de Reclamaci\u00f3n:<span style=\"color: #ff0000;\"><b class=\"alert\">*<\/b><\/span><br \/>\n<span class=\"wpcf7-form-control-wrap\" data-name=\"Codigo-de-Hoja-de-Reclamacion\"><input type=\"text\" name=\"Codigo-de-Hoja-de-Reclamacion\" value=\"\" size=\"40\" class=\"wpcf7-form-control wpcf7-text wpcf7-validates-as-required\" aria-required=\"true\" aria-invalid=\"false\" \/><\/span><\/div>\n<div class=\"rq-columna\">Correo:<span style=\"color: #ff0000;\"><b class=\"alert\">*<\/b><\/span><br \/>\n<span class=\"wpcf7-form-control-wrap\" data-name=\"Correo-de-conciliacion\"><input type=\"email\" name=\"Correo-de-conciliacion\" value=\"\" size=\"40\" class=\"wpcf7-form-control wpcf7-text wpcf7-email wpcf7-validates-as-required wpcf7-validates-as-email\" aria-required=\"true\" aria-invalid=\"false\" placeholder=\"El mismo del reclamo\/queja\" \/><\/span><\/div>\n<div class=\"rq-columna\"><\/div>\n<div class=\"rq-fila rq-texto\">\nAcciones adoptadas por la Entidad:<span style=\"color: #ff0000;\"><b class=\"alert\">*<\/b><\/span><br \/>\n<span class=\"wpcf7-form-control-wrap\" data-name=\"Acciones-de-reparacion\"><textarea name=\"Acciones-de-reparacion\" cols=\"40\" rows=\"10\" class=\"wpcf7-form-control wpcf7-textarea wpcf7-validates-as-required\" aria-required=\"true\" aria-invalid=\"false\" placeholder=\"El negocio\/empresa resarci\u00f3 mi perjuicio (pida este texto al negocio\/empresa) ...\"><\/textarea><\/span><\/div>\n<p><br><span class=\"wpcf7-form-control-wrap\" data-name=\"Acepto-Conciliacion\"><span class=\"wpcf7-form-control wpcf7-acceptance\"><span class=\"wpcf7-list-item\"><label><input type=\"checkbox\" name=\"Acepto-Conciliacion\" value=\"1\" aria-invalid=\"false\" \/><span class=\"wpcf7-list-item-label\"><span style=\"color: #ff0000;\"><b class=\"alert\">*<\/b><\/span> Env\u00edo mis documentos y acepto la soluci\u00f3n acordada en la conciliaci\u00f3n y las acciones por parte del negocio\/empresa y finalizar mi reclamo\/queja.<\/span><\/label><\/span><\/span><\/span><br \/>\n<span class=\"wpcf7-form-control-wrap\" data-name=\"Declaro-Conciliacion\"><span class=\"wpcf7-form-control wpcf7-acceptance\"><span class=\"wpcf7-list-item\"><label><input type=\"checkbox\" name=\"Declaro-Conciliacion\" value=\"1\" aria-invalid=\"false\" \/><span class=\"wpcf7-list-item-label\"><span style=\"color: #ff0000;\"><b class=\"alert\">*<\/b><\/span> Declaro que soy el due\u00f1o del servicio y acepto el contenido de este formulario y que bajo Declaraci\u00f3n Jurada la soluci\u00f3n descrita es veraz.<\/span><\/label><\/span><\/span><\/span><br \/>\n<br><input type=\"submit\" value=\"Confirmo env\u00edo de documentos\" class=\"wpcf7-form-control has-spinner wpcf7-submit\" \/>\n<\/div>\n<div class=\"wpcf7-response-output\" aria-hidden=\"true\"><\/div><\/form><\/div>[\/vc_column][\/vc_row][vc_row][vc_column][vc_column_text][\/vc_column_text][\/vc_column][\/vc_row][vc_row][vc_column][\/vc_column][\/vc_row]<\/p>\n","protected":false},"excerpt":{"rendered":"<p>[vc_row css=\u00bb.vc_custom_1759644409621{padding-top: 4% !important;}\u00bb][vc_column][vc_column_text]Fecha de emisi\u00f3n de hoja de reclamo: [\/vc_column_text][vc_separator][\/vc_column][\/vc_row][vc_row][vc_column][vc_column_text][\/vc_column_text][\/vc_column][\/vc_row][vc_row][vc_column][\/vc_column][\/vc_row]<\/p>\n","protected":false},"author":1,"featured_media":0,"parent":0,"menu_order":0,"comment_status":"closed","ping_status":"closed","template":"","meta":{"site-sidebar-layout":"no-sidebar","site-content-layout":"plain-container","ast-site-content-layout":"default","site-content-style":"default","site-sidebar-style":"default","ast-global-header-display":"","ast-banner-title-visibility":"","ast-main-header-display":"","ast-hfb-above-header-display":"","ast-hfb-below-header-display":"","ast-hfb-mobile-header-display":"","site-post-title":"disabled","ast-breadcrumbs-content":"","ast-featured-img":"disabled","footer-sml-layout":"","theme-transparent-header-meta":"default","adv-header-id-meta":"","stick-header-meta":"","header-above-stick-meta":"","header-main-stick-meta":"","header-below-stick-meta":"","astra-migrate-meta-layouts":"set","ast-page-background-enabled":"default","ast-page-background-meta":{"desktop":{"background-color":"var(--ast-global-color-5)","background-image":"","background-repeat":"repeat","background-position":"center center","background-size":"auto","background-attachment":"scroll","background-type":"","background-media":"","overlay-type":"","overlay-color":"","overlay-opacity":"","overlay-gradient":""},"tablet":{"background-color":"","background-image":"","background-repeat":"repeat","background-position":"center center","background-size":"auto","background-attachment":"scroll","background-type":"","background-media":"","overlay-type":"","overlay-color":"","overlay-opacity":"","overlay-gradient":""},"mobile":{"background-color":"","background-image":"","background-repeat":"repeat","background-position":"center center","background-size":"auto","background-attachment":"scroll","background-type":"","background-media":"","overlay-type":"","overlay-color":"","overlay-opacity":"","overlay-gradient":""}},"ast-content-background-meta":{"desktop":{"background-color":"var(--ast-global-color-4)","background-image":"","background-repeat":"repeat","background-position":"center center","background-size":"auto","background-attachment":"scroll","background-type":"","background-media":"","overlay-type":"","overlay-color":"","overlay-opacity":"","overlay-gradient":""},"tablet":{"background-color":"var(--ast-global-color-4)","background-image":"","background-repeat":"repeat","background-position":"center center","background-size":"auto","background-attachment":"scroll","background-type":"","background-media":"","overlay-type":"","overlay-color":"","overlay-opacity":"","overlay-gradient":""},"mobile":{"background-color":"var(--ast-global-color-4)","background-image":"","background-repeat":"repeat","background-position":"center center","background-size":"auto","background-attachment":"scroll","background-type":"","background-media":"","overlay-type":"","overlay-color":"","overlay-opacity":"","overlay-gradient":""}},"footnotes":""},"class_list":["post-3262","page","type-page","status-publish","hentry"],"_links":{"self":[{"href":"https:\/\/nidoharomalikinder.com\/reclamacion\/wp-json\/wp\/v2\/pages\/3262","targetHints":{"allow":["GET"]}}],"collection":[{"href":"https:\/\/nidoharomalikinder.com\/reclamacion\/wp-json\/wp\/v2\/pages"}],"about":[{"href":"https:\/\/nidoharomalikinder.com\/reclamacion\/wp-json\/wp\/v2\/types\/page"}],"author":[{"embeddable":true,"href":"https:\/\/nidoharomalikinder.com\/reclamacion\/wp-json\/wp\/v2\/users\/1"}],"replies":[{"embeddable":true,"href":"https:\/\/nidoharomalikinder.com\/reclamacion\/wp-json\/wp\/v2\/comments?post=3262"}],"version-history":[{"count":7,"href":"https:\/\/nidoharomalikinder.com\/reclamacion\/wp-json\/wp\/v2\/pages\/3262\/revisions"}],"predecessor-version":[{"id":3985,"href":"https:\/\/nidoharomalikinder.com\/reclamacion\/wp-json\/wp\/v2\/pages\/3262\/revisions\/3985"}],"wp:attachment":[{"href":"https:\/\/nidoharomalikinder.com\/reclamacion\/wp-json\/wp\/v2\/media?parent=3262"}],"curies":[{"name":"wp","href":"https:\/\/api.w.org\/{rel}","templated":true}]}}